{"id":4484,"date":"2020-03-27T18:14:35","date_gmt":"2020-03-27T17:14:35","guid":{"rendered":"http:\/\/spmaslowo.pl\/?page_id=4484"},"modified":"2020-03-27T18:31:07","modified_gmt":"2020-03-27T17:31:07","slug":"od-p-joli","status":"publish","type":"page","link":"http:\/\/spmaslowo.pl\/index.php\/od-p-joli\/","title":{"rendered":"Propozycje dla dzieci i rodzic\u00f3w"},"content":{"rendered":"\n<blockquote class=\"wp-block-quote is-style-large\"><p> <a href=\"https:\/\/www.youtube.com\/watch?v=RrsdZz3wkCo\" target=\"_blank\" rel=\"noreferrer noopener\" aria-label=\"taniec po\u0142amaniec (otwiera si\u0119 na nowej zak\u0142adce)\">T<\/a><a rel=\"noreferrer noopener\" aria-label=\"taniec po\u0142amaniec (otwiera si\u0119 na nowej zak\u0142adce)\" href=\"https:\/\/www.youtube.com\/watch?v=RrsdZz3wkCo\" target=\"_blank\">aniec po\u0142amaniec<\/a><\/p><\/blockquote>\n\n\n\n<blockquote class=\"wp-block-quote is-style-large\"><p><a href=\"https:\/\/www.miniminiplus.pl\/dziecko-w-sieci\/gry-online-jakie-wybrac-dla-dziecka\" target=\"_blank\" rel=\"noreferrer noopener\" aria-label=\"Gry online \u2013 jakie wybra\u0107 dla dziecka? (otwiera si\u0119 na nowej zak\u0142adce)\">Gry online \u2013 jakie wybra\u0107 dla dziecka?<\/a><\/p><\/blockquote>\n\n\n\n<blockquote class=\"wp-block-quote is-style-large\"><p> <a href=\"https:\/\/www.youtube.com\/watch?v=q85x875FfGc\" target=\"_blank\" rel=\"noreferrer noopener\" aria-label=\"Stemplowana \u0142\u0105ka (otwiera si\u0119 na nowej zak\u0142adce)\">Stemplowana \u0142\u0105ka<\/a> <\/p><\/blockquote>\n","protected":false},"excerpt":{"rendered":"<p>Taniec po\u0142amaniec Gry online \u2013 jakie wybra\u0107 dla dziecka? Stemplowana \u0142\u0105ka<\/p>\n","protected":false},"author":1,"featured_media":0,"parent":0,"menu_order":0,"comment_status":"closed","ping_status":"closed","template":"","meta":[],"_links":{"self":[{"href":"http:\/\/spmaslowo.pl\/index.php\/wp-json\/wp\/v2\/pages\/4484"}],"collection":[{"href":"http:\/\/spmaslowo.pl\/index.php\/wp-json\/wp\/v2\/pages"}],"about":[{"href":"http:\/\/spmaslowo.pl\/index.php\/wp-json\/wp\/v2\/types\/page"}],"author":[{"embeddable":true,"href":"http:\/\/spmaslowo.pl\/index.php\/wp-json\/wp\/v2\/users\/1"}],"replies":[{"embeddable":true,"href":"http:\/\/spmaslowo.pl\/index.php\/wp-json\/wp\/v2\/comments?post=4484"}],"version-history":[{"count":8,"href":"http:\/\/spmaslowo.pl\/index.php\/wp-json\/wp\/v2\/pages\/4484\/revisions"}],"predecessor-version":[{"id":4495,"href":"http:\/\/spmaslowo.pl\/index.php\/wp-json\/wp\/v2\/pages\/4484\/revisions\/4495"}],"wp:attachment":[{"href":"http:\/\/spmaslowo.pl\/index.php\/wp-json\/wp\/v2\/media?parent=4484"}],"curies":[{"name":"wp","href":"https:\/\/api.w.org\/{rel}","templated":true}]}}