{"id":109,"date":"2016-07-17T17:45:25","date_gmt":"2016-07-17T17:45:25","guid":{"rendered":"http:\/\/spmaslowo.home.pl\/autoinstalator\/wordpress\/?page_id=109"},"modified":"2025-08-13T18:05:57","modified_gmt":"2025-08-13T16:05:57","slug":"wykaz-podrecznikow","status":"publish","type":"page","link":"http:\/\/spmaslowo.pl\/index.php\/wykaz-podrecznikow\/","title":{"rendered":"Wykaz podr\u0119cznik\u00f3w"},"content":{"rendered":"\n<p class=\"has-text-align-center\"><strong>PRZYPOMINAMY O KONIECZNO\u015aCI ZAKUPU KSI\u0104\u017bEK DO RELIGII<br>NA NOWY ROK SZKOLNY.<br><br>WYKAZ PONI\u017bEJ:<\/strong><\/p>\n\n\n\n<p>Wykaz podr\u0119cznik\u00f3w obowi\u0105zuj\u0105cych w roku szkolnym 2025\/2026<\/p>\n\n\n\n<figure class=\"wp-block-embed-pdf-viewer-pdf wp-block-embed-pdf-viewer-pdf__content-wrapper aligncenter\"><object class=\"embed-pdf-viewer\" data=\"http:\/\/spmaslowo.pl\/wp-content\/uploads\/2024\/06\/podreczniki-religia-24.pdf#scrollbar=1&amp;toolbar=1\" type=\"application\/pdf\" height=\"780\" width=\"800\"><\/object><iframe loading=\"lazy\" class=\"embed-pdf-viewer\" src=\"https:\/\/docs.google.com\/viewer?url=http%3A%2F%2Fspmaslowo.pl%2Fwp-content%2Fuploads%2F2024%2F06%2Fpodreczniki-religia-24.pdf&amp;embedded=true\" frameborder=\"0\" height=\"780\" width=\"800\"><\/iframe><\/figure>\n","protected":false},"excerpt":{"rendered":"<p>PRZYPOMINAMY O KONIECZNO\u015aCI ZAKUPU KSI\u0104\u017bEK DO RELIGIINA NOWY ROK SZKOLNY. WYKAZ PONI\u017bEJ: Wykaz podr\u0119cznik\u00f3w obowi\u0105zuj\u0105cych w roku szkolnym 2025\/2026<\/p>\n","protected":false},"author":1,"featured_media":0,"parent":0,"menu_order":0,"comment_status":"closed","ping_status":"closed","template":"","meta":[],"_links":{"self":[{"href":"http:\/\/spmaslowo.pl\/index.php\/wp-json\/wp\/v2\/pages\/109"}],"collection":[{"href":"http:\/\/spmaslowo.pl\/index.php\/wp-json\/wp\/v2\/pages"}],"about":[{"href":"http:\/\/spmaslowo.pl\/index.php\/wp-json\/wp\/v2\/types\/page"}],"author":[{"embeddable":true,"href":"http:\/\/spmaslowo.pl\/index.php\/wp-json\/wp\/v2\/users\/1"}],"replies":[{"embeddable":true,"href":"http:\/\/spmaslowo.pl\/index.php\/wp-json\/wp\/v2\/comments?post=109"}],"version-history":[{"count":17,"href":"http:\/\/spmaslowo.pl\/index.php\/wp-json\/wp\/v2\/pages\/109\/revisions"}],"predecessor-version":[{"id":16484,"href":"http:\/\/spmaslowo.pl\/index.php\/wp-json\/wp\/v2\/pages\/109\/revisions\/16484"}],"wp:attachment":[{"href":"http:\/\/spmaslowo.pl\/index.php\/wp-json\/wp\/v2\/media?parent=109"}],"curies":[{"name":"wp","href":"https:\/\/api.w.org\/{rel}","templated":true}]}}